{"id":4881,"date":"2021-01-04T20:13:26","date_gmt":"2021-01-05T00:13:26","guid":{"rendered":"https:\/\/gadprpuertomisahualli.gob.ec\/napo\/?page_id=4881"},"modified":"2022-04-28T09:56:45","modified_gmt":"2022-04-28T13:56:45","slug":"rendicion-de-cuentas-2021","status":"publish","type":"page","link":"https:\/\/gadprpuertomisahualli.gob.ec\/napo\/?page_id=4881","title":{"rendered":"Rendici\u00f3n de Cuentas 2021"},"content":{"rendered":"<p><a href=\"https:\/\/gadprpuertomisahualli.gob.ec\/napo\/wp-content\/uploads\/2021\/05\/PLAN-DE-TRABAJO-PUERTO-MISAHUALLI.pdf\">PLAN DE TRABAJO PUERTO MISAHUALLI<\/a><\/p>\n<p><a href=\"https:\/\/gadprpuertomisahualli.gob.ec\/napo\/wp-content\/uploads\/2022\/03\/11.-COMPETENCIAS-DEL-GOBIERNO-PARROQUIAL.pdf\">11.-COMPETENCIAS-DEL-GOBIERNO-PARROQUIAL<\/a><\/p>\n<p><a href=\"https:\/\/gadprpuertomisahualli.gob.ec\/napo\/wp-content\/uploads\/2022\/03\/APROBACION-PRESUP-PARTC-2021-CONSEJO-PLANIF-PARROQUIAL.pdf\">APROBACION PRESUP PARTC 2021 CONSEJO PLANIF PARROQUIAL<\/a><\/p>\n<p><a href=\"https:\/\/gadprpuertomisahualli.gob.ec\/napo\/wp-content\/uploads\/2022\/03\/APROB-PRESUP-PARTIC-2021-SIST-PARTIC-CIUDADANA.pdf\">APROB PRESUP PARTIC 2021 SIST PARTIC CIUDADANA<\/a><\/p>\n<p><a href=\"https:\/\/gadprpuertomisahualli.gob.ec\/napo\/wp-content\/uploads\/2022\/03\/cedulagastospolitica.pdf\">cedulagastospolitica<\/a><\/p>\n<p><a href=\"https:\/\/gadprpuertomisahualli.gob.ec\/napo\/wp-content\/uploads\/2022\/03\/cedulaingresos.pdf\">cedulaingresos<\/a><\/p>\n<p><a href=\"https:\/\/gadprpuertomisahualli.gob.ec\/napo\/wp-content\/uploads\/2022\/03\/Consulta-del-Plan-Anual-de-Contratacion-ok-2021.pdf\">Consulta del Plan Anual de Contrataci\u00f3n ok 2021<\/a><\/p>\n<p><a href=\"https:\/\/gadprpuertomisahualli.gob.ec\/napo\/wp-content\/uploads\/2022\/03\/POA-2021.pdf\">POA 2021<\/a><\/p>\n<p><a href=\"https:\/\/gadprpuertomisahualli.gob.ec\/napo\/wp-content\/uploads\/2022\/04\/certificado-CIERRE-LOTAIP-2021-1.pdf\">certificado CIERRE LOTAIP 2021<\/a><\/p>\n<p><a href=\"https:\/\/gadprpuertomisahualli.gob.ec\/napo\/wp-content\/uploads\/2022\/03\/Formato-sugerido-para-registro-de-Infimas-Cuantias-2021-signed.pdf\">Formato-sugerido-para-registro-de-\u00cdnfimas-Cuant\u00edas 2021-signed<\/a><\/p>\n<p><a href=\"https:\/\/gadprpuertomisahualli.gob.ec\/napo\/wp-content\/uploads\/2022\/03\/REPORTE-CATALOGO-ELECRONICO-2021-signed.pdf\">REPORTE CATALOGO ELECRONICO 2021-signed<\/a><\/p>\n<p><a href=\"https:\/\/gadprpuertomisahualli.gob.ec\/napo\/wp-content\/uploads\/2022\/03\/Reporte-de-procesos-de-contratacion-publica-2021-signed.pdf\">Reporte de procesos de contrataci\u00f3n p\u00fablica 2021-signed<\/a><\/p>\n<p><a href=\"https:\/\/gadprpuertomisahualli.gob.ec\/napo\/wp-content\/uploads\/2022\/03\/REGLAMENTO-ORGANICO-POR-PROCESO-REFORM-2018-ilovepdf-compressed.pdf\">REGLAMENTO ORGANICO POR PROCESO REFORM 2018-ilovepdf-compressed<\/a><\/p>\n<p><a href=\"https:\/\/gadprpuertomisahualli.gob.ec\/napo\/wp-content\/uploads\/2022\/03\/conformacion-Sist-partc-Ciudadana-Local-y-Consejo-de-Planif-Parroq-2021-2023.pdf\">conformacion Sist partc Ciudadana Local y Consejo de Planif Parroq 2021-2023<\/a><\/p>\n<p><a href=\"https:\/\/gadprpuertomisahualli.gob.ec\/napo\/wp-content\/uploads\/2022\/04\/OFC-ASAMB-SOLIC-COORD-RC2021.pdf\">OFC ASAMB SOLIC COORD RC2021<\/a><\/p>\n<p><a href=\"https:\/\/gadprpuertomisahualli.gob.ec\/napo\/wp-content\/uploads\/2022\/04\/ACTA-CONFORM-EQUIPO-TECNICO-MIXTO-RC2021.pdf\">ACTA CONFORM EQUIPO TECNICO MIXTO RC2021<\/a><\/p>\n<p><a href=\"https:\/\/gadprpuertomisahualli.gob.ec\/napo\/wp-content\/uploads\/2022\/04\/OFC-ENTREGA-PREGUNTAS-CONSULTA-CIUDADANA.pdf\">OFC ENTREGA PREGUNTAS CONSULTA CIUDADANA<\/a><\/p>\n<p><a href=\"https:\/\/gadprpuertomisahualli.gob.ec\/napo\/wp-content\/uploads\/2022\/04\/OFC-RESPUESTAS-A-CONSULTA-CIUDADANA-RC-2021.pdf\">OFC RESPUESTAS A CONSULTA CIUDADANA RC 2021<\/a><\/p>\n<p><a href=\"https:\/\/gadprpuertomisahualli.gob.ec\/napo\/wp-content\/uploads\/2022\/04\/Resolucion-No.6-Aprobacion-informe-RC-2021.pdf\">Resoluci\u00f3n No.6 Aprobaci\u00f3n informe RC 2021<\/a><\/p>\n<p><a href=\"https:\/\/gadprpuertomisahualli.gob.ec\/napo\/wp-content\/uploads\/2022\/04\/OFC-0076-CONV-RC2021-signed.pdf\">OFC 0076 CONV RC2021-signed<\/a><\/p>\n<p><a href=\"https:\/\/gadprpuertomisahualli.gob.ec\/napo\/wp-content\/uploads\/2022\/04\/REG-ENTREGA-CONVOCATORIAS-PARA-AUD-PUB-RC2021-1.pdf\">REG ENTREGA CONVOCATORIAS PARA AUD PUB RC2021<\/a><\/p>\n<p><a href=\"https:\/\/gadprpuertomisahualli.gob.ec\/napo\/wp-content\/uploads\/2022\/04\/10.-Presentacion-GAD.pdf\">10.-Presentacion-GAD<\/a><\/p>\n<p><a href=\"https:\/\/gadprpuertomisahualli.gob.ec\/napo\/wp-content\/uploads\/2022\/04\/OFC-078-ENTREGA-INFORME-RC-A-LA-ASAMBLEA-CIUDADANA.pdf\">OFC 078 ENTREGA INFORME RC A LA ASAMBLEA CIUDADANA<\/a><\/p>\n<p><a href=\"https:\/\/gadprpuertomisahualli.gob.ec\/napo\/wp-content\/uploads\/2022\/04\/Formulario-APORTES-CIUDADANOS-RC-2020-GADPRPM.pdf\">Formulario-APORTES-CIUDADANOS-RC-2020-GADPRPM<\/a><\/p>\n<p><a href=\"https:\/\/gadprpuertomisahualli.gob.ec\/napo\/wp-content\/uploads\/2022\/04\/REG-ASIST-AUDIENCIA-PUBLICA-RENDICION-DECUENTAS-1.pdf\">REG ASIST AUDIENCIA PUBLICA RENDICION DECUENTAS<\/a><\/p>\n<p><a href=\"https:\/\/gadprpuertomisahualli.gob.ec\/napo\/wp-content\/uploads\/2022\/04\/ACTA-DE-TRABAJO-AUDPUB-RC-2021-1.pdf\">ACTA DE TRABAJO AUDPUB RC 2021<\/a><\/p>\n<p><a href=\"https:\/\/gadprpuertomisahualli.gob.ec\/napo\/wp-content\/uploads\/2022\/04\/PLAN-DE-TRABAJO-2022-signed.pdf\">PLAN DE TRABAJO 2022-signed<\/a><\/p>\n<p><a href=\"https:\/\/gadprpuertomisahualli.gob.ec\/napo\/wp-content\/uploads\/2022\/04\/REPORTE-FOTOGRAFICO-DELIBERACION-PUBLICA.pdf\">REPORTE FOTOGRAFICO DELIBERACI\u00d3N P\u00daBLICA<\/a><\/p>\n<p><a href=\"https:\/\/gadprpuertomisahualli.gob.ec\/napo\/wp-content\/uploads\/2022\/04\/APORTES-CIUDADANOS-1.pdf\">APORTES CIUDADANOS<\/a><\/p>\n<p><a href=\"https:\/\/gadprpuertomisahualli.gob.ec\/napo\/wp-content\/uploads\/2022\/04\/OFC-095-ENTREG-PLAN-D-TRABAJO-RC-2021-A-ASAMBLEA-CIUDADANA.pdf\">OFC 095 ENTREG PLAN D TRABAJO RC 2021 A ASAMBLEA CIUDADANA<\/a><\/p>\n<p><a href=\"https:\/\/gadprpuertomisahualli.gob.ec\/napo\/wp-content\/uploads\/2022\/04\/LA-MAXIMA-AUTORIDAD-DEL-GAD-RESPONDIO-LAS-DEMANDAS-CIUDADANAS.pdf\">LA M\u00c1XIMA AUTORIDAD DEL GAD RESPONDI\u00d3 LAS DEMANDAS CIUDADANAS<\/a><\/p>\n<p><a href=\"https:\/\/gadprpuertomisahualli.gob.ec\/napo\/wp-content\/uploads\/2022\/04\/Formulario-GAD-1.pdf\">Formulario GAD<\/a><\/p>\n<p><a href=\"https:\/\/gadprpuertomisahualli.gob.ec\/napo\/wp-content\/uploads\/2022\/04\/Formulario-GAD-final-1.pdf\">Formulario GAD final<\/a><\/p>\n<p><a href=\"https:\/\/gadprpuertomisahualli.gob.ec\/napo\/wp-content\/uploads\/2022\/04\/CUMPLIMIENTO-SUGERENCIAS-ANO-ANTERIOR.pdf\">CUMPLIMIENTO SUGERENCIAS A\u00d1O ANTERIOR<\/a><\/p>\n<p><a href=\"https:\/\/gadprpuertomisahualli.gob.ec\/napo\/wp-content\/uploads\/2022\/04\/EXPOSICION-ASAMBLEA-CIUDADANA-1.pdf\">EXPOSICION ASAMBLEA CIUDADANA<\/a><\/p>\n<p><a href=\"https:\/\/gadprpuertomisahualli.gob.ec\/napo\/wp-content\/uploads\/2022\/04\/EXPOSCION-RC-MAXIMA-AUTORIDAD.pdf\">EXPOSCION RC MAXIMA AUTORIDAD<\/a><\/p>\n<p><a href=\"https:\/\/gadprpuertomisahualli.gob.ec\/napo\/wp-content\/uploads\/2022\/04\/ESTADO-DE-OBRA-ADMINIST-ANTERIORES.pdf\">ESTADO DE OBRA ADMINIST ANTERIORES<\/a><\/p>\n<p><a href=\"https:\/\/gadprpuertomisahualli.gob.ec\/napo\/wp-content\/uploads\/2022\/04\/ReporteInformeGad.pdf\">ReporteInformeGad<\/a><\/p>\n<p><img loading=\"lazy\" decoding=\"async\" class=\"alignnone size-thumbnail wp-image-5647\" src=\"https:\/\/gadprpuertomisahualli.gob.ec\/napo\/wp-content\/uploads\/2022\/04\/WhatsApp-Image-2022-04-26-at-3.09.10-PM-150x150.jpeg\" alt=\"\" width=\"150\" height=\"150\" \/><img loading=\"lazy\" decoding=\"async\" class=\"alignnone size-thumbnail wp-image-5648\" src=\"https:\/\/gadprpuertomisahualli.gob.ec\/napo\/wp-content\/uploads\/2022\/04\/WhatsApp-Image-2022-04-26-at-6.29.30-PM-150x150.jpeg\" alt=\"\" width=\"150\" height=\"150\" \/><img loading=\"lazy\" decoding=\"async\" class=\"alignnone size-thumbnail wp-image-5649\" src=\"https:\/\/gadprpuertomisahualli.gob.ec\/napo\/wp-content\/uploads\/2022\/04\/WhatsApp-Image-2022-04-26-at-4.58.46-PM-150x150.jpeg\" alt=\"\" width=\"150\" height=\"150\" \/><img loading=\"lazy\" decoding=\"async\" class=\"alignnone size-thumbnail wp-image-5650\" src=\"https:\/\/gadprpuertomisahualli.gob.ec\/napo\/wp-content\/uploads\/2022\/04\/WhatsApp-Image-2022-04-26-at-4.58.47-PM-1-150x150.jpeg\" alt=\"\" width=\"150\" height=\"150\" \/><img loading=\"lazy\" decoding=\"async\" class=\"alignnone size-thumbnail wp-image-5651\" src=\"https:\/\/gadprpuertomisahualli.gob.ec\/napo\/wp-content\/uploads\/2022\/04\/WhatsApp-Image-2022-04-26-at-4.58.47-PM-150x150.jpeg\" alt=\"\" width=\"150\" height=\"150\" \/><img loading=\"lazy\" decoding=\"async\" class=\"alignnone size-thumbnail wp-image-5652\" src=\"https:\/\/gadprpuertomisahualli.gob.ec\/napo\/wp-content\/uploads\/2022\/04\/WhatsApp-Image-2022-04-26-at-4.58.48-PM-150x150.jpeg\" alt=\"\" width=\"150\" height=\"150\" \/><img loading=\"lazy\" decoding=\"async\" class=\"alignnone size-thumbnail wp-image-5653\" src=\"https:\/\/gadprpuertomisahualli.gob.ec\/napo\/wp-content\/uploads\/2022\/04\/WhatsApp-Image-2022-04-18-at-11.53.05-AM-150x150.jpeg\" alt=\"\" width=\"150\" height=\"150\" \/><img loading=\"lazy\" decoding=\"async\" class=\"alignnone size-thumbnail wp-image-5654\" src=\"https:\/\/gadprpuertomisahualli.gob.ec\/napo\/wp-content\/uploads\/2022\/04\/WhatsApp-Image-2022-04-18-at-11.53.05-AM-1-150x150.jpeg\" alt=\"\" width=\"150\" height=\"150\" \/><img loading=\"lazy\" decoding=\"async\" class=\"alignnone size-thumbnail wp-image-5655\" src=\"https:\/\/gadprpuertomisahualli.gob.ec\/napo\/wp-content\/uploads\/2022\/04\/WhatsApp-Image-2022-04-19-at-2.31.55-PM-150x150.jpeg\" alt=\"\" width=\"150\" height=\"150\" \/><img loading=\"lazy\" decoding=\"async\" class=\"alignnone size-thumbnail wp-image-5656\" src=\"https:\/\/gadprpuertomisahualli.gob.ec\/napo\/wp-content\/uploads\/2022\/04\/WhatsApp-Image-2022-04-26-at-6.29.32-PM-150x150.jpeg\" alt=\"\" width=\"150\" height=\"150\" \/><\/p>\n","protected":false},"excerpt":{"rendered":"<p>PLAN DE TRABAJO PUERTO MISAHUALLI 11.-COMPETENCIAS-DEL-GOBIERNO-PARROQUIAL APROBACION PRESUP PARTC 2021 CONSEJO PLANIF PARROQUIAL APROB PRESUP PARTIC 2021 SIST PARTIC CIUDADANA cedulagastospolitica cedulaingresos Consulta del Plan Anual de Contrataci\u00f3n ok 2021 POA 2021 certificado CIERRE LOTAIP 2021 Formato-sugerido-para-registro-de-\u00cdnfimas-Cuant\u00edas 2021-signed REPORTE CATALOGO ELECRONICO 2021-signed Reporte de procesos de contrataci\u00f3n p\u00fablica 2021-signed REGLAMENTO ORGANICO POR PROCESO REFORM 2018-ilovepdf-compressed&hellip;<\/p>\n","protected":false},"author":8,"featured_media":0,"parent":0,"menu_order":0,"comment_status":"closed","ping_status":"closed","template":"","meta":[],"class_list":["post-4881","page","type-page","status-publish","hentry","description-off"],"_links":{"self":[{"href":"https:\/\/gadprpuertomisahualli.gob.ec\/napo\/index.php?rest_route=\/wp\/v2\/pages\/4881","targetHints":{"allow":["GET"]}}],"collection":[{"href":"https:\/\/gadprpuertomisahualli.gob.ec\/napo\/index.php?rest_route=\/wp\/v2\/pages"}],"about":[{"href":"https:\/\/gadprpuertomisahualli.gob.ec\/napo\/index.php?rest_route=\/wp\/v2\/types\/page"}],"author":[{"embeddable":true,"href":"https:\/\/gadprpuertomisahualli.gob.ec\/napo\/index.php?rest_route=\/wp\/v2\/users\/8"}],"replies":[{"embeddable":true,"href":"https:\/\/gadprpuertomisahualli.gob.ec\/napo\/index.php?rest_route=%2Fwp%2Fv2%2Fcomments&post=4881"}],"version-history":[{"count":35,"href":"https:\/\/gadprpuertomisahualli.gob.ec\/napo\/index.php?rest_route=\/wp\/v2\/pages\/4881\/revisions"}],"predecessor-version":[{"id":5657,"href":"https:\/\/gadprpuertomisahualli.gob.ec\/napo\/index.php?rest_route=\/wp\/v2\/pages\/4881\/revisions\/5657"}],"wp:attachment":[{"href":"https:\/\/gadprpuertomisahualli.gob.ec\/napo\/index.php?rest_route=%2Fwp%2Fv2%2Fmedia&parent=4881"}],"curies":[{"name":"wp","href":"https:\/\/api.w.org\/{rel}","templated":true}]}}